{"id":288,"date":"2016-08-09T11:41:48","date_gmt":"2016-08-09T16:41:48","guid":{"rendered":"http:\/\/optiononemiami.com\/oor2\/?page_id=288"},"modified":"2016-10-02T20:20:04","modified_gmt":"2016-10-02T20:20:04","slug":"unase","status":"publish","type":"page","link":"http:\/\/optiononemiami.com\/oor2\/es\/unase\/","title":{"rendered":"\u00danase"},"content":{"rendered":"[mk_page_section bg_image=&#8221;http:\/\/optiononemiami.com\/oor2\/es\/wp-content\/uploads\/sites\/2\/2016\/08\/join-us2-1.jpg&#8221; bg_position=&#8221;center bottom&#8221; bg_repeat=&#8221;no-repeat&#8221; bg_stretch=&#8221;true&#8221; video_loop=&#8221;false&#8221; min_height=&#8221;450&#8243; full_width=&#8221;true&#8221; padding_top=&#8221;0&#8243; padding_bottom=&#8221;0&#8243; sidebar=&#8221;sidebar-1&#8243;][vc_column][\/vc_column][\/mk_page_section][vc_row][vc_column width=&#8221;1\/6&#8243;][\/vc_column][vc_column width=&#8221;2\/3&#8243;][mk_padding_divider][vc_column_text]\n<h2 style=\"text-align: center;\"><strong><span style=\"color: #144a86;\"><b id=\"yui_3_16_0_ym19_1_1474553610698_132710\"><span id=\"yui_3_16_0_ym19_1_1474553610698_132709\">JUNTOS SOMOS M\u00c1S FUERTES<\/span><\/b><\/span><\/strong><\/h2>\n<h3 style=\"text-align: center;\"><span style=\"color: #ec7f3a;\">\u00daNASE<\/span><\/h3>\n<h2 style=\"text-align: center;\"><\/h2>\n[\/vc_column_text][mk_padding_divider size=&#8221;20&#8243;][vc_column_text disable_pattern=&#8221;false&#8221;]En <strong>Option One Realty Group<\/strong>, creemos que para tener \u00e9xito en el \u00e1rea Inmobiliaria (Real Estate) es necesario distinguirse claramente de los dem\u00e1s, a trav\u00e9s del conocimiento y del mejor servicio al cliente. Es por eso que desarrollamos un exclusivo plan de marketing, con asistencia profesional permanente para nuestros Realtors. Creemos que la capacitaci\u00f3n junto con una cultura \u00e9tica y honesta, completa el excelente servicio profesional que proveemos a nuestros Asociados y Clientes. Adem\u00e1s de nuestros servicios, ofrecemos el <strong>100% de comisi\u00f3n<\/strong>, y todo lo que el Realtor necesita para desarrollar exitosamente su carrera.[\/vc_column_text][vc_column_text align=&#8221;center&#8221;]\n<p style=\"text-align: center;\"><strong>OPTION ONE REALTY GROUP<\/strong><br \/>\n+1 (305) 220-5171<br \/>\n<strong><a style=\"color: #666;\" href=\"mailto:info@optiononemiami.com\">info@optiononemiami.com<\/a><\/strong><br \/>\n8180 NW 36th ST Suite 308<\/p>\n[\/vc_column_text][mk_padding_divider][\/vc_column][vc_column width=&#8221;1\/6&#8243;][\/vc_column][\/vc_row]\n","protected":false},"excerpt":{"rendered":"<p>[mk_page_section bg_image=&#8221;http:\/\/optiononemiami.com\/oor2\/es\/wp-content\/uploads\/sites\/2\/2016\/08\/join-us2-1.jpg&#8221; bg_position=&#8221;center bottom&#8221; bg_repeat=&#8221;no-repeat&#8221; bg_stretch=&#8221;true&#8221; video_loop=&#8221;false&#8221; min_height=&#8221;450&#8243; full_width=&#8221;true&#8221; padding_top=&#8221;0&#8243; padding_bottom=&#8221;0&#8243; sidebar=&#8221;sidebar-1&#8243;][vc_column][\/vc_column][\/mk_page_section][vc_row][vc_column width=&#8221;1\/6&#8243;][\/vc_column][vc_column width=&#8221;2\/3&#8243;][mk_padding_divider][vc_column_text] JUNTOS SOMOS M\u00c1S FUERTES \u00daNASE [\/vc_column_text][mk_padding_divider size=&#8221;20&#8243;][vc_column_text disable_pattern=&#8221;false&#8221;]En Option One Realty Group, creemos que para tener \u00e9xito en el \u00e1rea Inmobiliaria (Real Estate) es necesario distinguirse claramente de los dem\u00e1s, a trav\u00e9s del conocimiento y del mejor servicio al cliente. Es [&hellip;]<\/p>\n","protected":false},"author":2,"featured_media":0,"parent":0,"menu_order":0,"comment_status":"closed","ping_status":"closed","template":"","meta":{"footnotes":""},"class_list":["post-288","page","type-page","status-publish","hentry"],"_links":{"self":[{"href":"http:\/\/optiononemiami.com\/oor2\/es\/wp-json\/wp\/v2\/pages\/288","targetHints":{"allow":["GET"]}}],"collection":[{"href":"http:\/\/optiononemiami.com\/oor2\/es\/wp-json\/wp\/v2\/pages"}],"about":[{"href":"http:\/\/optiononemiami.com\/oor2\/es\/wp-json\/wp\/v2\/types\/page"}],"author":[{"embeddable":true,"href":"http:\/\/optiononemiami.com\/oor2\/es\/wp-json\/wp\/v2\/users\/2"}],"replies":[{"embeddable":true,"href":"http:\/\/optiononemiami.com\/oor2\/es\/wp-json\/wp\/v2\/comments?post=288"}],"version-history":[{"count":4,"href":"http:\/\/optiononemiami.com\/oor2\/es\/wp-json\/wp\/v2\/pages\/288\/revisions"}],"predecessor-version":[{"id":1086,"href":"http:\/\/optiononemiami.com\/oor2\/es\/wp-json\/wp\/v2\/pages\/288\/revisions\/1086"}],"wp:attachment":[{"href":"http:\/\/optiononemiami.com\/oor2\/es\/wp-json\/wp\/v2\/media?parent=288"}],"curies":[{"name":"wp","href":"https:\/\/api.w.org\/{rel}","templated":true}]}}